{"id":351,"date":"2026-02-17T14:47:10","date_gmt":"2026-02-17T14:47:10","guid":{"rendered":"https:\/\/melvadieselcenter.com\/?page_id=351"},"modified":"2026-02-17T15:00:31","modified_gmt":"2026-02-17T15:00:31","slug":"slv","status":"publish","type":"page","link":"https:\/\/melvadieselcenter.com\/?page_id=351","title":{"rendered":"SLV"},"content":{"rendered":"\n<h2 class=\"wp-block-heading has-text-align-center\"><strong>Sistema Limitador de Velocidad<\/strong><\/h2>\n\n\n\n<h3 class=\"wp-block-heading\">En el submen\u00fa de esta p\u00e1gina, encontraremos:<\/h3>\n\n\n\n<ul class=\"wp-block-list\">\n<li>Diagrama del Sistema Limitador de Velocidad<\/li>\n\n\n\n<li>Certificaci\u00f3n de garant\u00eda del Sistema Limitador de Velocidad en espa\u00f1ol e ingl\u00e9s<\/li>\n<\/ul>\n","protected":false},"excerpt":{"rendered":"<p>Sistema Limitador de Velocidad En el submen\u00fa de esta p\u00e1gina, encontraremos:<\/p>\n","protected":false},"author":1,"featured_media":70,"parent":0,"menu_order":0,"comment_status":"closed","ping_status":"closed","template":"","meta":{"footnotes":""},"class_list":["post-351","page","type-page","status-publish","has-post-thumbnail","hentry"],"_links":{"self":[{"href":"https:\/\/melvadieselcenter.com\/index.php?rest_route=\/wp\/v2\/pages\/351","targetHints":{"allow":["GET"]}}],"collection":[{"href":"https:\/\/melvadieselcenter.com\/index.php?rest_route=\/wp\/v2\/pages"}],"about":[{"href":"https:\/\/melvadieselcenter.com\/index.php?rest_route=\/wp\/v2\/types\/page"}],"author":[{"embeddable":true,"href":"https:\/\/melvadieselcenter.com\/index.php?rest_route=\/wp\/v2\/users\/1"}],"replies":[{"embeddable":true,"href":"https:\/\/melvadieselcenter.com\/index.php?rest_route=%2Fwp%2Fv2%2Fcomments&post=351"}],"version-history":[{"count":2,"href":"https:\/\/melvadieselcenter.com\/index.php?rest_route=\/wp\/v2\/pages\/351\/revisions"}],"predecessor-version":[{"id":364,"href":"https:\/\/melvadieselcenter.com\/index.php?rest_route=\/wp\/v2\/pages\/351\/revisions\/364"}],"wp:featuredmedia":[{"embeddable":true,"href":"https:\/\/melvadieselcenter.com\/index.php?rest_route=\/wp\/v2\/media\/70"}],"wp:attachment":[{"href":"https:\/\/melvadieselcenter.com\/index.php?rest_route=%2Fwp%2Fv2%2Fmedia&parent=351"}],"curies":[{"name":"wp","href":"https:\/\/api.w.org\/{rel}","templated":true}]}}