{"id":25,"date":"2026-01-31T00:10:30","date_gmt":"2026-01-31T00:10:30","guid":{"rendered":"https:\/\/melvadieselcenter.com\/?page_id=25"},"modified":"2026-02-05T14:37:29","modified_gmt":"2026-02-05T14:37:29","slug":"mdc-2026-001","status":"publish","type":"page","link":"https:\/\/melvadieselcenter.com\/?page_id=25","title":{"rendered":"CERTIFICADOS"},"content":{"rendered":"\n<blockquote class=\"wp-block-quote is-layout-flow wp-block-quote-is-layout-flow\">\n<p class=\"has-text-align-center\"><strong>\u00c1REA DE CERTIFICACI\u00d3N DIGITAL<\/strong><\/p>\n<\/blockquote>\n\n\n\n<p class=\"has-text-align-center\"><strong>En la pesta\u00f1a superior lado derecho de la p\u00e1gina se encuentran los n\u00fameros de certificados y\/o bit\u00e1cora, donde al ingresar se solicitar\u00e1 una clave de acceso(contrase\u00f1a), esta clave es el n\u00famero de placa de su veh\u00edculo junto con la nomenclatura de placa sin guion.<\/strong><\/p>\n\n\n\n<p><strong><em>EJEMPLO: <\/em><\/strong><\/p>\n\n\n\n<p class=\"has-text-align-center\">CONTRASE\u00d1A: C000ABC<\/p>\n\n\n\n<pre class=\"wp-block-code\"><code><strong>CERTIFICADO DE FUNCIONALIDAD-EXPEDIENTE DIGITAL<\/strong>\nNumero de Bit\u00e1cora: MDC260001\nPlaca: C000ABC\nFecha inspecci\u00f3n: 30\/01\/2026\n\nEste expediente corresponde a la inspecci\u00f3n t\u00e9cnica realizada por Melva Diesel Center\n\nLas fotograf\u00edas reflejan el estado del veh\u00edculo<\/code><\/pre>\n","protected":false},"excerpt":{"rendered":"<p>\u00c1REA DE CERTIFICACI\u00d3N DIGITAL En la pesta\u00f1a superior lado derecho de la p\u00e1gina se encuentran los n\u00fameros de certificados y\/o bit\u00e1cora, donde al ingresar se solicitar\u00e1 una clave de acceso(contrase\u00f1a), esta clave es el n\u00famero de placa de su veh\u00edculo junto con la nomenclatura de placa sin guion. EJEMPLO: CONTRASE\u00d1A: C000ABC<\/p>\n","protected":false},"author":1,"featured_media":70,"parent":0,"menu_order":0,"comment_status":"closed","ping_status":"closed","template":"","meta":{"footnotes":""},"class_list":["post-25","page","type-page","status-publish","has-post-thumbnail","hentry"],"_links":{"self":[{"href":"https:\/\/melvadieselcenter.com\/index.php?rest_route=\/wp\/v2\/pages\/25","targetHints":{"allow":["GET"]}}],"collection":[{"href":"https:\/\/melvadieselcenter.com\/index.php?rest_route=\/wp\/v2\/pages"}],"about":[{"href":"https:\/\/melvadieselcenter.com\/index.php?rest_route=\/wp\/v2\/types\/page"}],"author":[{"embeddable":true,"href":"https:\/\/melvadieselcenter.com\/index.php?rest_route=\/wp\/v2\/users\/1"}],"replies":[{"embeddable":true,"href":"https:\/\/melvadieselcenter.com\/index.php?rest_route=%2Fwp%2Fv2%2Fcomments&post=25"}],"version-history":[{"count":4,"href":"https:\/\/melvadieselcenter.com\/index.php?rest_route=\/wp\/v2\/pages\/25\/revisions"}],"predecessor-version":[{"id":78,"href":"https:\/\/melvadieselcenter.com\/index.php?rest_route=\/wp\/v2\/pages\/25\/revisions\/78"}],"wp:featuredmedia":[{"embeddable":true,"href":"https:\/\/melvadieselcenter.com\/index.php?rest_route=\/wp\/v2\/media\/70"}],"wp:attachment":[{"href":"https:\/\/melvadieselcenter.com\/index.php?rest_route=%2Fwp%2Fv2%2Fmedia&parent=25"}],"curies":[{"name":"wp","href":"https:\/\/api.w.org\/{rel}","templated":true}]}}