{"id":23,"date":"2026-01-30T23:30:52","date_gmt":"2026-01-30T23:30:52","guid":{"rendered":"https:\/\/melvadieselcenter.com\/?page_id=23"},"modified":"2026-02-05T15:45:00","modified_gmt":"2026-02-05T15:45:00","slug":"inicio","status":"publish","type":"page","link":"https:\/\/melvadieselcenter.com\/?page_id=23","title":{"rendered":"INICIO"},"content":{"rendered":"\n<div class=\"wp-block-group alignwide has-global-padding is-layout-constrained wp-block-group-is-layout-constrained\">\n<h1 class=\"wp-block-heading has-text-align-center\"><strong>BIENVENIDOS<\/strong><\/h1>\n<\/div>\n\n\n\n<blockquote class=\"wp-block-quote is-layout-flow wp-block-quote-is-layout-flow\">\n<p class=\"has-text-align-center\"><strong>Somos una empresa 100% guatemalteca con el respaldo de m\u00e1s de 100 a\u00f1os de experiencia en la industria del transporte en Guatemala y Am\u00e9rica Central.<\/strong><\/p>\n<\/blockquote>\n\n\n\n<div class=\"wp-block-group alignfull has-global-padding is-layout-constrained wp-container-core-group-is-layout-0747478d wp-block-group-is-layout-constrained\" style=\"padding-top:var(--wp--preset--spacing--50);padding-right:var(--wp--preset--spacing--50);padding-bottom:var(--wp--preset--spacing--50);padding-left:var(--wp--preset--spacing--50)\">\n<div class=\"wp-block-columns alignwide is-layout-flex wp-container-core-columns-is-layout-ff4b9c61 wp-block-columns-is-layout-flex\" style=\"margin-top:0;margin-bottom:0\">\n<div class=\"wp-block-column is-layout-flow wp-container-core-column-is-layout-8a368f38 wp-block-column-is-layout-flow\">\n<div class=\"wp-block-query is-layout-flow wp-block-query-is-layout-flow\"><ul class=\"wp-block-post-template is-layout-flow wp-container-core-post-template-is-layout-dc68bcd2 wp-block-post-template-is-layout-flow\"><li class=\"wp-block-post post-1 post type-post status-publish format-standard hentry category-uncategorized\">\n<div class=\"wp-block-post-date\"><time datetime=\"2026-01-30T22:04:31+00:00\">January 30, 2026<\/time><\/div>\n<\/li><\/ul><\/div>\n\n\n\n<h3 class=\"wp-block-heading\">CONTACTANOS<\/h3>\n\n\n\n<p>Direcci\u00f3n: 10\u00b0 Avenida 5-19 Zona 15 Colonia Lo de Contreras, Ciudad de Guatemala, Guatemala<\/p>\n\n\n\n<p>E-Mail: melvadieselcenter@gmail.com<\/p>\n\n\n\n<p>Tel. +502 2369-1886<\/p>\n\n\n\n<p>WhatsApp: +502 5202-2867<\/p>\n<\/div>\n<\/div>\n<\/div>\n\n\n\n<p><\/p>\n\n\n\n<p><\/p>\n","protected":false},"excerpt":{"rendered":"<p>BIENVENIDOS Somos una empresa 100% guatemalteca con el respaldo de m\u00e1s de 100 a\u00f1os de experiencia en la industria del transporte en Guatemala y Am\u00e9rica Central. CONTACTANOS Direcci\u00f3n: 10\u00b0 Avenida 5-19 Zona 15 Colonia Lo de Contreras, Ciudad de Guatemala, Guatemala E-Mail: melvadieselcenter@gmail.com Tel. +502 2369-1886 WhatsApp: +502 5202-2867<\/p>\n","protected":false},"author":1,"featured_media":70,"parent":0,"menu_order":1,"comment_status":"closed","ping_status":"closed","template":"","meta":{"footnotes":""},"class_list":["post-23","page","type-page","status-publish","has-post-thumbnail","hentry"],"_links":{"self":[{"href":"https:\/\/melvadieselcenter.com\/index.php?rest_route=\/wp\/v2\/pages\/23","targetHints":{"allow":["GET"]}}],"collection":[{"href":"https:\/\/melvadieselcenter.com\/index.php?rest_route=\/wp\/v2\/pages"}],"about":[{"href":"https:\/\/melvadieselcenter.com\/index.php?rest_route=\/wp\/v2\/types\/page"}],"author":[{"embeddable":true,"href":"https:\/\/melvadieselcenter.com\/index.php?rest_route=\/wp\/v2\/users\/1"}],"replies":[{"embeddable":true,"href":"https:\/\/melvadieselcenter.com\/index.php?rest_route=%2Fwp%2Fv2%2Fcomments&post=23"}],"version-history":[{"count":5,"href":"https:\/\/melvadieselcenter.com\/index.php?rest_route=\/wp\/v2\/pages\/23\/revisions"}],"predecessor-version":[{"id":350,"href":"https:\/\/melvadieselcenter.com\/index.php?rest_route=\/wp\/v2\/pages\/23\/revisions\/350"}],"wp:featuredmedia":[{"embeddable":true,"href":"https:\/\/melvadieselcenter.com\/index.php?rest_route=\/wp\/v2\/media\/70"}],"wp:attachment":[{"href":"https:\/\/melvadieselcenter.com\/index.php?rest_route=%2Fwp%2Fv2%2Fmedia&parent=23"}],"curies":[{"name":"wp","href":"https:\/\/api.w.org\/{rel}","templated":true}]}}